{"id":16689,"date":"2024-07-19T08:25:30","date_gmt":"2024-07-19T06:25:30","guid":{"rendered":"https:\/\/quatrecroquis.com\/nosotros\/"},"modified":"2024-07-30T14:06:02","modified_gmt":"2024-07-30T12:06:02","slug":"nosotros","status":"publish","type":"page","link":"https:\/\/quatrecroquis.com\/es\/nosotros\/","title":{"rendered":"Nosotros"},"content":{"rendered":"\t\t<div data-elementor-type=\"wp-page\" data-elementor-id=\"16689\" class=\"elementor elementor-16689 elementor-16051\">\n\t\t\t\t\t\t<div class=\"elementor-section elementor-top-section elementor-element elementor-element-92811cc elementor-section-height-min-height elementor-section-stretched elementor-section-boxed elementor-section-height-default elementor-section-items-middle\" data-id=\"92811cc\" data-element_type=\"section\" data-settings=\"{&quot;stretch_section&quot;:&quot;section-stretched&quot;,&quot;background_background&quot;:&quot;classic&quot;}\">\n\t\t\t\t\t\t<div class=\"elementor-container elementor-column-gap-no\">\n\t\t\t\t\t<div class=\"elementor-column elementor-col-100 elementor-top-column elementor-element elementor-element-ce1d0f9\" data-id=\"ce1d0f9\" data-element_type=\"column\">\n\t\t\t<div class=\"elementor-widget-wrap elementor-element-populated\">\n\t\t\t\t\t\t<div class=\"elementor-element elementor-element-7195925 elementor-widget elementor-widget-heading\" data-id=\"7195925\" data-element_type=\"widget\" data-widget_type=\"heading.default\">\n\t\t\t\t<div class=\"elementor-widget-container\">\n\t\t\t<style>\/*! elementor - v3.23.0 - 25-07-2024 *\/\n.elementor-heading-title{padding:0;margin:0;line-height:1}.elementor-widget-heading .elementor-heading-title[class*=elementor-size-]>a{color:inherit;font-size:inherit;line-height:inherit}.elementor-widget-heading .elementor-heading-title.elementor-size-small{font-size:15px}.elementor-widget-heading .elementor-heading-title.elementor-size-medium{font-size:19px}.elementor-widget-heading .elementor-heading-title.elementor-size-large{font-size:29px}.elementor-widget-heading .elementor-heading-title.elementor-size-xl{font-size:39px}.elementor-widget-heading .elementor-heading-title.elementor-size-xxl{font-size:59px}<\/style><h2 class=\"elementor-heading-title elementor-size-default\">Quatre Croquis <\/h2>\t\t<\/div>\n\t\t\t\t<\/div>\n\t\t\t\t<div class=\"elementor-element elementor-element-128c235 elementor-widget__width-initial elementor-widget elementor-widget-text-editor\" data-id=\"128c235\" data-element_type=\"widget\" data-widget_type=\"text-editor.default\">\n\t\t\t\t<div class=\"elementor-widget-container\">\n\t\t\t<style>\/*! elementor - v3.23.0 - 25-07-2024 *\/\n.elementor-widget-text-editor.elementor-drop-cap-view-stacked .elementor-drop-cap{background-color:#69727d;color:#fff}.elementor-widget-text-editor.elementor-drop-cap-view-framed .elementor-drop-cap{color:#69727d;border:3px solid;background-color:transparent}.elementor-widget-text-editor:not(.elementor-drop-cap-view-default) .elementor-drop-cap{margin-top:8px}.elementor-widget-text-editor:not(.elementor-drop-cap-view-default) .elementor-drop-cap-letter{width:1em;height:1em}.elementor-widget-text-editor .elementor-drop-cap{float:left;text-align:center;line-height:1;font-size:50px}.elementor-widget-text-editor .elementor-drop-cap-letter{display:inline-block}<\/style>\t\t\t\t<p>Quatre Croquis es el resultado de muchos a\u00f1os de experiencia en el mundo de la construcci\u00f3n, desde que me colegi\u00e9 en 1996, colaborando con empresas de ingenier\u00eda, despachos de arquitectura, empresas constructoras, siempre ejerciendo como profesional liberal. En 2016, decid\u00ed crear mi propia empresa: Quatre Croquis, SL.<\/p>\n\t\t\t\t\t\t<\/div>\n\t\t\t\t<\/div>\n\t\t\t\t\t<\/div>\n\t\t<\/div>\n\t\t\t\t\t<\/div>\n\t\t<\/div>\n\t\t\t\t<div class=\"elementor-section elementor-top-section elementor-element elementor-element-7c9217b elementor-section-full_width elementor-section-height-min-height elementor-section-items-stretch elementor-section-stretched elementor-section-height-default\" data-id=\"7c9217b\" data-element_type=\"section\" data-settings=\"{&quot;stretch_section&quot;:&quot;section-stretched&quot;,&quot;background_background&quot;:&quot;classic&quot;}\">\n\t\t\t\t\t\t<div class=\"elementor-container elementor-column-gap-no\">\n\t\t\t\t\t<div class=\"elementor-column elementor-col-100 elementor-top-column elementor-element elementor-element-424d387\" data-id=\"424d387\" data-element_type=\"column\" data-settings=\"{&quot;background_background&quot;:&quot;gradient&quot;}\">\n\t\t\t<div class=\"elementor-widget-wrap elementor-element-populated\">\n\t\t\t\t\t\t<div class=\"elementor-element elementor-element-1d05784 elementor-absolute elementor-hidden-mobile elementor-widget elementor-widget-image\" data-id=\"1d05784\" data-element_type=\"widget\" data-settings=\"{&quot;_position&quot;:&quot;absolute&quot;}\" data-widget_type=\"image.default\">\n\t\t\t\t<div class=\"elementor-widget-container\">\n\t\t\t<style>\/*! elementor - v3.23.0 - 25-07-2024 *\/\n.elementor-widget-image{text-align:center}.elementor-widget-image a{display:inline-block}.elementor-widget-image a img[src$=\".svg\"]{width:48px}.elementor-widget-image img{vertical-align:middle;display:inline-block}<\/style>\t\t\t\t\t\t\t\t\t\t<img fetchpriority=\"high\" decoding=\"async\" width=\"945\" height=\"720\" src=\"https:\/\/quatrecroquis.com\/wp-content\/uploads\/2024\/07\/nosaltres_1.jpg\" class=\"attachment-full size-full wp-image-16223\" alt=\"\" srcset=\"https:\/\/quatrecroquis.com\/wp-content\/uploads\/2024\/07\/nosaltres_1.jpg 945w, https:\/\/quatrecroquis.com\/wp-content\/uploads\/2024\/07\/nosaltres_1-300x229.jpg 300w, https:\/\/quatrecroquis.com\/wp-content\/uploads\/2024\/07\/nosaltres_1-768x585.jpg 768w\" sizes=\"(max-width: 945px) 100vw, 945px\" \/>\t\t\t\t\t\t\t\t\t\t\t\t\t<\/div>\n\t\t\t\t<\/div>\n\t\t\t\t<div class=\"elementor-section elementor-inner-section elementor-element elementor-element-1d46108 elementor-section-boxed elementor-section-height-default elementor-section-height-default\" data-id=\"1d46108\" data-element_type=\"section\">\n\t\t\t\t\t\t<div class=\"elementor-container elementor-column-gap-no\">\n\t\t\t\t\t<div class=\"elementor-column elementor-col-100 elementor-inner-column elementor-element elementor-element-20e4e44\" data-id=\"20e4e44\" data-element_type=\"column\" data-settings=\"{&quot;background_background&quot;:&quot;classic&quot;}\">\n\t\t\t<div class=\"elementor-widget-wrap elementor-element-populated\">\n\t\t\t\t\t<div class=\"elementor-background-overlay\"><\/div>\n\t\t\t\t\t\t<div class=\"elementor-element elementor-element-2bbec22 elementor-widget elementor-widget-heading\" data-id=\"2bbec22\" data-element_type=\"widget\" data-widget_type=\"heading.default\">\n\t\t\t\t<div class=\"elementor-widget-container\">\n\t\t\t<div class=\"elementor-heading-title elementor-size-default\">Or\u00edgenes<\/div>\t\t<\/div>\n\t\t\t\t<\/div>\n\t\t\t\t<div class=\"elementor-element elementor-element-d7ec2db elementor-widget__width-initial elementor-widget elementor-widget-heading\" data-id=\"d7ec2db\" data-element_type=\"widget\" data-widget_type=\"heading.default\">\n\t\t\t\t<div class=\"elementor-widget-container\">\n\t\t\t<h2 class=\"elementor-heading-title elementor-size-default\">Experiencia y conocimiento<\/h2>\t\t<\/div>\n\t\t\t\t<\/div>\n\t\t\t\t<div class=\"elementor-element elementor-element-fe26900 elementor-widget elementor-widget-text-editor\" data-id=\"fe26900\" data-element_type=\"widget\" data-widget_type=\"text-editor.default\">\n\t\t\t\t<div class=\"elementor-widget-container\">\n\t\t\t\t\t\t\t<p>Empec\u00e9 a relacionarme con el mundo de la construcci\u00f3n en breve, la familia ten\u00eda una empresa constructora y acompa\u00f1aba, ya de peque\u00f1o, a mi padre por las obras. <\/p>\n\t\t\t\t\t\t<\/div>\n\t\t\t\t<\/div>\n\t\t\t\t<div class=\"elementor-element elementor-element-768e97e elementor-widget elementor-widget-text-editor\" data-id=\"768e97e\" data-element_type=\"widget\" data-widget_type=\"text-editor.default\">\n\t\t\t\t<div class=\"elementor-widget-container\">\n\t\t\t\t\t\t\t<p>Desde aquellos tiempos y hasta el d\u00eda de hoy nunca he dejado de estar relacionado con la construcci\u00f3n. Esta relaci\u00f3n la he hecho desde los distintos \u00e1mbitos, conociendo todos los puestos de la mesa, como direcci\u00f3n facultativa, como constructor, como gesti\u00f3n econ\u00f3mica y tambi\u00e9n como promotor.<\/p>\n\t\t\t\t\t\t<\/div>\n\t\t\t\t<\/div>\n\t\t\t\t<div class=\"elementor-element elementor-element-e76c903 elementor-hidden-mobile elementor-widget elementor-widget-spacer\" data-id=\"e76c903\" data-element_type=\"widget\" data-widget_type=\"spacer.default\">\n\t\t\t\t<div class=\"elementor-widget-container\">\n\t\t\t<style>\/*! elementor - v3.23.0 - 25-07-2024 *\/\n.elementor-column .elementor-spacer-inner{height:var(--spacer-size)}.e-con{--container-widget-width:100%}.e-con-inner>.elementor-widget-spacer,.e-con>.elementor-widget-spacer{width:var(--container-widget-width,var(--spacer-size));--align-self:var(--container-widget-align-self,initial);--flex-shrink:0}.e-con-inner>.elementor-widget-spacer>.elementor-widget-container,.e-con>.elementor-widget-spacer>.elementor-widget-container{height:100%;width:100%}.e-con-inner>.elementor-widget-spacer>.elementor-widget-container>.elementor-spacer,.e-con>.elementor-widget-spacer>.elementor-widget-container>.elementor-spacer{height:100%}.e-con-inner>.elementor-widget-spacer>.elementor-widget-container>.elementor-spacer>.elementor-spacer-inner,.e-con>.elementor-widget-spacer>.elementor-widget-container>.elementor-spacer>.elementor-spacer-inner{height:var(--container-widget-height,var(--spacer-size))}.e-con-inner>.elementor-widget-spacer.elementor-widget-empty,.e-con>.elementor-widget-spacer.elementor-widget-empty{position:relative;min-height:22px;min-width:22px}.e-con-inner>.elementor-widget-spacer.elementor-widget-empty .elementor-widget-empty-icon,.e-con>.elementor-widget-spacer.elementor-widget-empty .elementor-widget-empty-icon{position:absolute;top:0;bottom:0;left:0;right:0;margin:auto;padding:0;width:22px;height:22px}<\/style>\t\t<div class=\"elementor-spacer\">\n\t\t\t<div class=\"elementor-spacer-inner\"><\/div>\n\t\t<\/div>\n\t\t\t\t<\/div>\n\t\t\t\t<\/div>\n\t\t\t\t\t<\/div>\n\t\t<\/div>\n\t\t\t\t\t<\/div>\n\t\t<\/div>\n\t\t\t\t<div class=\"elementor-element elementor-element-71772f7 elementor-hidden-desktop elementor-hidden-laptop elementor-hidden-tablet_extra elementor-hidden-tablet elementor-hidden-mobile_extra elementor-widget elementor-widget-image\" data-id=\"71772f7\" data-element_type=\"widget\" data-widget_type=\"image.default\">\n\t\t\t\t<div class=\"elementor-widget-container\">\n\t\t\t\t\t\t\t\t\t\t\t\t\t<img decoding=\"async\" width=\"800\" height=\"500\" src=\"https:\/\/quatrecroquis.com\/wp-content\/uploads\/2024\/07\/arquitectura_serv_5.jpg\" class=\"attachment-full size-full wp-image-16244\" alt=\"Valoraciones inmobiliarias de tu inmueble\" srcset=\"https:\/\/quatrecroquis.com\/wp-content\/uploads\/2024\/07\/arquitectura_serv_5.jpg 800w, https:\/\/quatrecroquis.com\/wp-content\/uploads\/2024\/07\/arquitectura_serv_5-300x188.jpg 300w, https:\/\/quatrecroquis.com\/wp-content\/uploads\/2024\/07\/arquitectura_serv_5-768x480.jpg 768w\" sizes=\"(max-width: 800px) 100vw, 800px\" \/>\t\t\t\t\t\t\t\t\t\t\t\t\t<\/div>\n\t\t\t\t<\/div>\n\t\t\t\t\t<\/div>\n\t\t<\/div>\n\t\t\t\t\t<\/div>\n\t\t<\/div>\n\t\t\t\t<div class=\"elementor-section elementor-top-section elementor-element elementor-element-bf026df elementor-section-full_width elementor-section-stretched elementor-section-height-default elementor-section-height-default\" data-id=\"bf026df\" data-element_type=\"section\" data-settings=\"{&quot;stretch_section&quot;:&quot;section-stretched&quot;,&quot;background_background&quot;:&quot;gradient&quot;}\">\n\t\t\t\t\t\t<div class=\"elementor-container elementor-column-gap-no\">\n\t\t\t\t\t<div class=\"elementor-column elementor-col-50 elementor-top-column elementor-element elementor-element-8f7bfed\" data-id=\"8f7bfed\" data-element_type=\"column\" data-settings=\"{&quot;background_background&quot;:&quot;classic&quot;}\">\n\t\t\t<div class=\"elementor-widget-wrap elementor-element-populated\">\n\t\t\t\t\t\t<div class=\"elementor-element elementor-element-be9bf51 elementor-widget elementor-widget-heading\" data-id=\"be9bf51\" data-element_type=\"widget\" data-widget_type=\"heading.default\">\n\t\t\t\t<div class=\"elementor-widget-container\">\n\t\t\t<h2 class=\"elementor-heading-title elementor-size-default\">crecimiento<\/h2>\t\t<\/div>\n\t\t\t\t<\/div>\n\t\t\t\t<div class=\"elementor-element elementor-element-38fdbc1 elementor-widget__width-initial elementor-widget elementor-widget-heading\" data-id=\"38fdbc1\" data-element_type=\"widget\" data-widget_type=\"heading.default\">\n\t\t\t\t<div class=\"elementor-widget-container\">\n\t\t\t<h2 class=\"elementor-heading-title elementor-size-default\">Formaci\u00f3n constante<\/h2>\t\t<\/div>\n\t\t\t\t<\/div>\n\t\t\t\t<div class=\"elementor-element elementor-element-91c3202 elementor-widget__width-initial elementor-widget elementor-widget-text-editor\" data-id=\"91c3202\" data-element_type=\"widget\" data-widget_type=\"text-editor.default\">\n\t\t\t\t<div class=\"elementor-widget-container\">\n\t\t\t\t\t\t\t<p>Durante todos los a\u00f1os que llevo ejerciendo la profesi\u00f3n tambi\u00e9n me he ido formando realizando varios cursos. Hay dos que destacar\u00eda porque me han llenado como t\u00e9cnico y como profesional, el M\u00e1ster de Project Manager y el M\u00e1ster de Interiorismo.<\/p>\n\t\t\t\t\t\t<\/div>\n\t\t\t\t<\/div>\n\t\t\t\t<div class=\"elementor-element elementor-element-0f01792 elementor-widget__width-initial elementor-widget elementor-widget-text-editor\" data-id=\"0f01792\" data-element_type=\"widget\" data-widget_type=\"text-editor.default\">\n\t\t\t\t<div class=\"elementor-widget-container\">\n\t\t\t\t\t\t\t<p>Estos cursos me han proporcionado las herramientas para ofrecer a mis clientes un servicio totalmente completo de arquitectura t\u00e9cnica, arquitectura interior y gesti\u00f3n econ\u00f3mica, una buena combinaci\u00f3n para crear confianzas, para crear ilusiones.<\/p>\n\t\t\t\t\t\t<\/div>\n\t\t\t\t<\/div>\n\t\t\t\t<div class=\"elementor-element elementor-element-16904f3 elementor-widget__width-initial elementor-widget elementor-widget-text-editor\" data-id=\"16904f3\" data-element_type=\"widget\" data-widget_type=\"text-editor.default\">\n\t\t\t\t<div class=\"elementor-widget-container\">\n\t\t\t\t\t\t\t<p>Tambi\u00e9n cabe destacar la labor de profesor que realic\u00e9 durante 6 a\u00f1os en la Escuela P\u00eda Santa Ana de Matar\u00f3, impartiendo un m\u00f3dulo formativo de construcci\u00f3n, y del que han salido muchos compa\u00f1eros de trabajo, nunca competidores, con algunos de los cuales tambi\u00e9n tengo el sabor a colaborar. <\/p>\n\t\t\t\t\t\t<\/div>\n\t\t\t\t<\/div>\n\t\t\t\t\t<\/div>\n\t\t<\/div>\n\t\t\t\t<div class=\"elementor-column elementor-col-50 elementor-top-column elementor-element elementor-element-c3542fa\" data-id=\"c3542fa\" data-element_type=\"column\">\n\t\t\t<div class=\"elementor-widget-wrap elementor-element-populated\">\n\t\t\t\t\t\t<div class=\"elementor-element elementor-element-628db9f elementor-widget elementor-widget-image\" data-id=\"628db9f\" data-element_type=\"widget\" data-widget_type=\"image.default\">\n\t\t\t\t<div class=\"elementor-widget-container\">\n\t\t\t\t\t\t\t\t\t\t\t\t\t<img decoding=\"async\" width=\"945\" height=\"720\" src=\"https:\/\/quatrecroquis.com\/wp-content\/uploads\/2024\/07\/nosaltres_2.jpg\" class=\"attachment-full size-full wp-image-16224\" alt=\"\" srcset=\"https:\/\/quatrecroquis.com\/wp-content\/uploads\/2024\/07\/nosaltres_2.jpg 945w, https:\/\/quatrecroquis.com\/wp-content\/uploads\/2024\/07\/nosaltres_2-300x229.jpg 300w, https:\/\/quatrecroquis.com\/wp-content\/uploads\/2024\/07\/nosaltres_2-768x585.jpg 768w\" sizes=\"(max-width: 945px) 100vw, 945px\" \/>\t\t\t\t\t\t\t\t\t\t\t\t\t<\/div>\n\t\t\t\t<\/div>\n\t\t\t\t\t<\/div>\n\t\t<\/div>\n\t\t\t\t\t<\/div>\n\t\t<\/div>\n\t\t\t\t<\/div>\n\t\t","protected":false},"excerpt":{"rendered":"<p>Quatre Croquis Quatre Croquis es el resultado de muchos a\u00f1os de experiencia en el mundo de la construcci\u00f3n, desde que me colegi\u00e9 en 1996, colaborando con empresas de ingenier\u00eda, despachos de arquitectura, empresas constructoras, siempre ejerciendo como profesional liberal. En 2016, decid\u00ed crear mi propia empresa: Quatre Croquis, SL. Or\u00edgenes Experiencia y conocimiento Empec\u00e9 a [&hellip;]<\/p>\n","protected":false},"author":1,"featured_media":0,"parent":0,"menu_order":0,"comment_status":"closed","ping_status":"closed","template":"template-homepage.php","meta":{"inline_featured_image":false,"footnotes":""},"class_list":["post-16689","page","type-page","status-publish","hentry"],"yoast_head":"<!-- This site is optimized with the Yoast SEO plugin v23.1 - https:\/\/yoast.com\/wordpress\/plugins\/seo\/ -->\n<title>Nosotros - Quatre croquis<\/title>\n<meta name=\"robots\" content=\"index, follow, max-snippet:-1, max-image-preview:large, max-video-preview:-1\" \/>\n<link rel=\"canonical\" href=\"https:\/\/quatrecroquis.com\/es\/nosotros\/\" \/>\n<meta property=\"og:locale\" content=\"es_ES\" \/>\n<meta property=\"og:type\" content=\"article\" \/>\n<meta property=\"og:title\" content=\"Nosotros - Quatre croquis\" \/>\n<meta property=\"og:description\" content=\"Quatre Croquis Quatre Croquis es el resultado de muchos a\u00f1os de experiencia en el mundo de la construcci\u00f3n, desde que me colegi\u00e9 en 1996, colaborando con empresas de ingenier\u00eda, despachos de arquitectura, empresas constructoras, siempre ejerciendo como profesional liberal. En 2016, decid\u00ed crear mi propia empresa: Quatre Croquis, SL. Or\u00edgenes Experiencia y conocimiento Empec\u00e9 a [&hellip;]\" \/>\n<meta property=\"og:url\" content=\"https:\/\/quatrecroquis.com\/es\/nosotros\/\" \/>\n<meta property=\"og:site_name\" content=\"Quatre croquis\" \/>\n<meta property=\"article:modified_time\" content=\"2024-07-30T12:06:02+00:00\" \/>\n<meta property=\"og:image\" content=\"https:\/\/quatrecroquis.com\/wp-content\/uploads\/2024\/07\/nosaltres_1.jpg\" \/>\n<meta name=\"twitter:card\" content=\"summary_large_image\" \/>\n<meta name=\"twitter:label1\" content=\"Tiempo de lectura\" \/>\n\t<meta name=\"twitter:data1\" content=\"2 minutos\" \/>\n<script type=\"application\/ld+json\" class=\"yoast-schema-graph\">{\"@context\":\"https:\/\/schema.org\",\"@graph\":[{\"@type\":\"WebPage\",\"@id\":\"https:\/\/quatrecroquis.com\/es\/nosotros\/\",\"url\":\"https:\/\/quatrecroquis.com\/es\/nosotros\/\",\"name\":\"Nosotros - Quatre croquis\",\"isPartOf\":{\"@id\":\"https:\/\/quatrecroquis.com\/es\/#website\"},\"primaryImageOfPage\":{\"@id\":\"https:\/\/quatrecroquis.com\/es\/nosotros\/#primaryimage\"},\"image\":{\"@id\":\"https:\/\/quatrecroquis.com\/es\/nosotros\/#primaryimage\"},\"thumbnailUrl\":\"https:\/\/quatrecroquis.com\/wp-content\/uploads\/2024\/07\/nosaltres_1.jpg\",\"datePublished\":\"2024-07-19T06:25:30+00:00\",\"dateModified\":\"2024-07-30T12:06:02+00:00\",\"breadcrumb\":{\"@id\":\"https:\/\/quatrecroquis.com\/es\/nosotros\/#breadcrumb\"},\"inLanguage\":\"es\",\"potentialAction\":[{\"@type\":\"ReadAction\",\"target\":[\"https:\/\/quatrecroquis.com\/es\/nosotros\/\"]}]},{\"@type\":\"ImageObject\",\"inLanguage\":\"es\",\"@id\":\"https:\/\/quatrecroquis.com\/es\/nosotros\/#primaryimage\",\"url\":\"https:\/\/quatrecroquis.com\/wp-content\/uploads\/2024\/07\/nosaltres_1.jpg\",\"contentUrl\":\"https:\/\/quatrecroquis.com\/wp-content\/uploads\/2024\/07\/nosaltres_1.jpg\"},{\"@type\":\"BreadcrumbList\",\"@id\":\"https:\/\/quatrecroquis.com\/es\/nosotros\/#breadcrumb\",\"itemListElement\":[{\"@type\":\"ListItem\",\"position\":1,\"name\":\"Inici\",\"item\":\"https:\/\/quatrecroquis.com\/es\/quatre-croquis\/\"},{\"@type\":\"ListItem\",\"position\":2,\"name\":\"Nosotros\"}]},{\"@type\":\"WebSite\",\"@id\":\"https:\/\/quatrecroquis.com\/es\/#website\",\"url\":\"https:\/\/quatrecroquis.com\/es\/\",\"name\":\"Quatre croquis\",\"description\":\"Estudi d&#039;arquitectura e interiors\",\"publisher\":{\"@id\":\"https:\/\/quatrecroquis.com\/es\/#organization\"},\"potentialAction\":[{\"@type\":\"SearchAction\",\"target\":{\"@type\":\"EntryPoint\",\"urlTemplate\":\"https:\/\/quatrecroquis.com\/es\/?s={search_term_string}\"},\"query-input\":\"required name=search_term_string\"}],\"inLanguage\":\"es\"},{\"@type\":\"Organization\",\"@id\":\"https:\/\/quatrecroquis.com\/es\/#organization\",\"name\":\"Quatre croquis\",\"url\":\"https:\/\/quatrecroquis.com\/es\/\",\"logo\":{\"@type\":\"ImageObject\",\"inLanguage\":\"es\",\"@id\":\"https:\/\/quatrecroquis.com\/es\/#\/schema\/logo\/image\/\",\"url\":\"https:\/\/quatrecroquis.com\/wp-content\/uploads\/2022\/06\/logo.png\",\"contentUrl\":\"https:\/\/quatrecroquis.com\/wp-content\/uploads\/2022\/06\/logo.png\",\"width\":200,\"height\":127,\"caption\":\"Quatre croquis\"},\"image\":{\"@id\":\"https:\/\/quatrecroquis.com\/es\/#\/schema\/logo\/image\/\"}}]}<\/script>\n<!-- \/ Yoast SEO plugin. -->","yoast_head_json":{"title":"Nosotros - Quatre croquis","robots":{"index":"index","follow":"follow","max-snippet":"max-snippet:-1","max-image-preview":"max-image-preview:large","max-video-preview":"max-video-preview:-1"},"canonical":"https:\/\/quatrecroquis.com\/es\/nosotros\/","og_locale":"es_ES","og_type":"article","og_title":"Nosotros - Quatre croquis","og_description":"Quatre Croquis Quatre Croquis es el resultado de muchos a\u00f1os de experiencia en el mundo de la construcci\u00f3n, desde que me colegi\u00e9 en 1996, colaborando con empresas de ingenier\u00eda, despachos de arquitectura, empresas constructoras, siempre ejerciendo como profesional liberal. En 2016, decid\u00ed crear mi propia empresa: Quatre Croquis, SL. Or\u00edgenes Experiencia y conocimiento Empec\u00e9 a [&hellip;]","og_url":"https:\/\/quatrecroquis.com\/es\/nosotros\/","og_site_name":"Quatre croquis","article_modified_time":"2024-07-30T12:06:02+00:00","og_image":[{"url":"https:\/\/quatrecroquis.com\/wp-content\/uploads\/2024\/07\/nosaltres_1.jpg"}],"twitter_card":"summary_large_image","twitter_misc":{"Tiempo de lectura":"2 minutos"},"schema":{"@context":"https:\/\/schema.org","@graph":[{"@type":"WebPage","@id":"https:\/\/quatrecroquis.com\/es\/nosotros\/","url":"https:\/\/quatrecroquis.com\/es\/nosotros\/","name":"Nosotros - Quatre croquis","isPartOf":{"@id":"https:\/\/quatrecroquis.com\/es\/#website"},"primaryImageOfPage":{"@id":"https:\/\/quatrecroquis.com\/es\/nosotros\/#primaryimage"},"image":{"@id":"https:\/\/quatrecroquis.com\/es\/nosotros\/#primaryimage"},"thumbnailUrl":"https:\/\/quatrecroquis.com\/wp-content\/uploads\/2024\/07\/nosaltres_1.jpg","datePublished":"2024-07-19T06:25:30+00:00","dateModified":"2024-07-30T12:06:02+00:00","breadcrumb":{"@id":"https:\/\/quatrecroquis.com\/es\/nosotros\/#breadcrumb"},"inLanguage":"es","potentialAction":[{"@type":"ReadAction","target":["https:\/\/quatrecroquis.com\/es\/nosotros\/"]}]},{"@type":"ImageObject","inLanguage":"es","@id":"https:\/\/quatrecroquis.com\/es\/nosotros\/#primaryimage","url":"https:\/\/quatrecroquis.com\/wp-content\/uploads\/2024\/07\/nosaltres_1.jpg","contentUrl":"https:\/\/quatrecroquis.com\/wp-content\/uploads\/2024\/07\/nosaltres_1.jpg"},{"@type":"BreadcrumbList","@id":"https:\/\/quatrecroquis.com\/es\/nosotros\/#breadcrumb","itemListElement":[{"@type":"ListItem","position":1,"name":"Inici","item":"https:\/\/quatrecroquis.com\/es\/quatre-croquis\/"},{"@type":"ListItem","position":2,"name":"Nosotros"}]},{"@type":"WebSite","@id":"https:\/\/quatrecroquis.com\/es\/#website","url":"https:\/\/quatrecroquis.com\/es\/","name":"Quatre croquis","description":"Estudi d&#039;arquitectura e interiors","publisher":{"@id":"https:\/\/quatrecroquis.com\/es\/#organization"},"potentialAction":[{"@type":"SearchAction","target":{"@type":"EntryPoint","urlTemplate":"https:\/\/quatrecroquis.com\/es\/?s={search_term_string}"},"query-input":"required name=search_term_string"}],"inLanguage":"es"},{"@type":"Organization","@id":"https:\/\/quatrecroquis.com\/es\/#organization","name":"Quatre croquis","url":"https:\/\/quatrecroquis.com\/es\/","logo":{"@type":"ImageObject","inLanguage":"es","@id":"https:\/\/quatrecroquis.com\/es\/#\/schema\/logo\/image\/","url":"https:\/\/quatrecroquis.com\/wp-content\/uploads\/2022\/06\/logo.png","contentUrl":"https:\/\/quatrecroquis.com\/wp-content\/uploads\/2022\/06\/logo.png","width":200,"height":127,"caption":"Quatre croquis"},"image":{"@id":"https:\/\/quatrecroquis.com\/es\/#\/schema\/logo\/image\/"}}]}},"_links":{"self":[{"href":"https:\/\/quatrecroquis.com\/es\/wp-json\/wp\/v2\/pages\/16689"}],"collection":[{"href":"https:\/\/quatrecroquis.com\/es\/wp-json\/wp\/v2\/pages"}],"about":[{"href":"https:\/\/quatrecroquis.com\/es\/wp-json\/wp\/v2\/types\/page"}],"author":[{"embeddable":true,"href":"https:\/\/quatrecroquis.com\/es\/wp-json\/wp\/v2\/users\/1"}],"replies":[{"embeddable":true,"href":"https:\/\/quatrecroquis.com\/es\/wp-json\/wp\/v2\/comments?post=16689"}],"version-history":[{"count":7,"href":"https:\/\/quatrecroquis.com\/es\/wp-json\/wp\/v2\/pages\/16689\/revisions"}],"predecessor-version":[{"id":16739,"href":"https:\/\/quatrecroquis.com\/es\/wp-json\/wp\/v2\/pages\/16689\/revisions\/16739"}],"wp:attachment":[{"href":"https:\/\/quatrecroquis.com\/es\/wp-json\/wp\/v2\/media?parent=16689"}],"curies":[{"name":"wp","href":"https:\/\/api.w.org\/{rel}","templated":true}]}}